{"id":13,"date":"2026-03-03T18:43:08","date_gmt":"2026-03-03T18:43:08","guid":{"rendered":"https:\/\/martagalangarcia.es\/?page_id=13"},"modified":"2026-03-05T20:20:20","modified_gmt":"2026-03-05T20:20:20","slug":"habilidades-profesionales-y-personales","status":"publish","type":"page","link":"https:\/\/martagalangarcia.es\/?page_id=13","title":{"rendered":"HABILIDADES PROFESIONALES Y PERSONALES"},"content":{"rendered":"\t\t<div data-elementor-type=\"wp-page\" data-elementor-id=\"13\" class=\"elementor elementor-13\" data-elementor-post-type=\"page\">\n\t\t\t\t<div class=\"elementor-element elementor-element-452a094 e-flex e-con-boxed e-con e-parent\" data-id=\"452a094\" data-element_type=\"container\" data-e-type=\"container\" data-settings=\"{&quot;background_background&quot;:&quot;classic&quot;}\">\n\t\t\t\t\t<div class=\"e-con-inner\">\n\t\t<div class=\"elementor-element elementor-element-42d937d e-con-full e-flex e-con e-child\" data-id=\"42d937d\" data-element_type=\"container\" data-e-type=\"container\">\n\t\t\t\t<div class=\"elementor-element elementor-element-720207d elementor-widget elementor-widget-heading\" data-id=\"720207d\" data-element_type=\"widget\" data-e-type=\"widget\" data-widget_type=\"heading.default\">\n\t\t\t\t\t<h2 class=\"elementor-heading-title elementor-size-default\">- Edici\u00f3n de v\u00eddeos<br>- Creaci\u00f3n de contenido<br>- Grabaciones y shootings<br>- Cobertura de eventos<br>- Creaci\u00f3n de copys<br>- Apoyo en gesti\u00f3n digital<\/h2>\t\t\t\t<\/div>\n\t\t\t\t<\/div>\n\t\t<div class=\"elementor-element elementor-element-63d2026 e-flex e-con-boxed e-con e-child\" data-id=\"63d2026\" data-element_type=\"container\" data-e-type=\"container\">\n\t\t\t\t\t<div class=\"e-con-inner\">\n\t\t\t\t<div class=\"elementor-element elementor-element-6f8d3eb elementor-widget elementor-widget-image\" data-id=\"6f8d3eb\" data-element_type=\"widget\" data-e-type=\"widget\" data-widget_type=\"image.default\">\n\t\t\t\t\t\t\t\t\t\t\t\t\t\t\t<img fetchpriority=\"high\" decoding=\"async\" width=\"793\" height=\"1024\" src=\"https:\/\/martagalangarcia.es\/wp-content\/uploads\/2026\/03\/Captura-de-pantalla-2026-03-05-a-las-21.18.01.png\" class=\"attachment-large size-large wp-image-180\" alt=\"\" \/>\t\t\t\t\t\t\t\t\t\t\t\t\t\t\t<\/div>\n\t\t\t\t\t<\/div>\n\t\t\t\t<\/div>\n\t\t\t\t\t<\/div>\n\t\t\t\t<\/div>\n\t\t\t\t<\/div>\n\t\t","protected":false},"excerpt":{"rendered":"<p>&#8211; Edici\u00f3n de v\u00eddeos&#8211; Creaci\u00f3n de contenido&#8211; Grabaciones y shootings&#8211; Cobertura de eventos&#8211; Creaci\u00f3n de copys&#8211; Apoyo en gesti\u00f3n digital<\/p>\n","protected":false},"author":1,"featured_media":0,"parent":0,"menu_order":0,"comment_status":"closed","ping_status":"closed","template":"","meta":{"footnotes":""},"class_list":["post-13","page","type-page","status-publish","hentry"],"yoast_head":"<!-- This site is optimized with the Yoast SEO plugin v27.1.1 - https:\/\/yoast.com\/product\/yoast-seo-wordpress\/ -->\n<title>HABILIDADES PROFESIONALES Y PERSONALES - Marta Gal\u00e1n Garc\u00cda<\/title>\n<meta name=\"robots\" content=\"index, follow, max-snippet:-1, max-image-preview:large, max-video-preview:-1\" \/>\n<link rel=\"canonical\" href=\"https:\/\/martagalangarcia.es\/?page_id=13\" \/>\n<meta property=\"og:locale\" content=\"es_ES\" \/>\n<meta property=\"og:type\" content=\"article\" \/>\n<meta property=\"og:title\" content=\"HABILIDADES PROFESIONALES Y PERSONALES - Marta Gal\u00e1n Garc\u00cda\" \/>\n<meta property=\"og:description\" content=\"&#8211; Edici\u00f3n de v\u00eddeos&#8211; Creaci\u00f3n de contenido&#8211; Grabaciones y shootings&#8211; Cobertura de eventos&#8211; Creaci\u00f3n de copys&#8211; Apoyo en gesti\u00f3n digital\" \/>\n<meta property=\"og:url\" content=\"https:\/\/martagalangarcia.es\/?page_id=13\" \/>\n<meta property=\"og:site_name\" content=\"Marta Gal\u00e1n Garc\u00cda\" \/>\n<meta property=\"article:modified_time\" content=\"2026-03-05T20:20:20+00:00\" \/>\n<meta property=\"og:image\" content=\"https:\/\/martagalangarcia.es\/wp-content\/uploads\/2026\/03\/Captura-de-pantalla-2026-03-05-a-las-21.18.01.png\" \/>\n\t<meta property=\"og:image:width\" content=\"950\" \/>\n\t<meta property=\"og:image:height\" content=\"1226\" \/>\n\t<meta property=\"og:image:type\" content=\"image\/png\" \/>\n<meta name=\"twitter:card\" content=\"summary_large_image\" \/>\n<script type=\"application\/ld+json\" class=\"yoast-schema-graph\">{\"@context\":\"https:\/\/schema.org\",\"@graph\":[{\"@type\":\"WebPage\",\"@id\":\"https:\/\/martagalangarcia.es\/?page_id=13\",\"url\":\"https:\/\/martagalangarcia.es\/?page_id=13\",\"name\":\"HABILIDADES PROFESIONALES Y PERSONALES - Marta Gal\u00e1n Garc\u00cda\",\"isPartOf\":{\"@id\":\"https:\/\/martagalangarcia.es\/#website\"},\"primaryImageOfPage\":{\"@id\":\"https:\/\/martagalangarcia.es\/?page_id=13#primaryimage\"},\"image\":{\"@id\":\"https:\/\/martagalangarcia.es\/?page_id=13#primaryimage\"},\"thumbnailUrl\":\"https:\/\/martagalangarcia.es\/wp-content\/uploads\/2026\/03\/Captura-de-pantalla-2026-03-05-a-las-21.18.01.png\",\"datePublished\":\"2026-03-03T18:43:08+00:00\",\"dateModified\":\"2026-03-05T20:20:20+00:00\",\"breadcrumb\":{\"@id\":\"https:\/\/martagalangarcia.es\/?page_id=13#breadcrumb\"},\"inLanguage\":\"es\",\"potentialAction\":[{\"@type\":\"ReadAction\",\"target\":[\"https:\/\/martagalangarcia.es\/?page_id=13\"]}]},{\"@type\":\"ImageObject\",\"inLanguage\":\"es\",\"@id\":\"https:\/\/martagalangarcia.es\/?page_id=13#primaryimage\",\"url\":\"https:\/\/martagalangarcia.es\/wp-content\/uploads\/2026\/03\/Captura-de-pantalla-2026-03-05-a-las-21.18.01.png\",\"contentUrl\":\"https:\/\/martagalangarcia.es\/wp-content\/uploads\/2026\/03\/Captura-de-pantalla-2026-03-05-a-las-21.18.01.png\",\"width\":950,\"height\":1226},{\"@type\":\"BreadcrumbList\",\"@id\":\"https:\/\/martagalangarcia.es\/?page_id=13#breadcrumb\",\"itemListElement\":[{\"@type\":\"ListItem\",\"position\":1,\"name\":\"Portada\",\"item\":\"https:\/\/martagalangarcia.es\/\"},{\"@type\":\"ListItem\",\"position\":2,\"name\":\"HABILIDADES PROFESIONALES Y PERSONALES\"}]},{\"@type\":\"WebSite\",\"@id\":\"https:\/\/martagalangarcia.es\/#website\",\"url\":\"https:\/\/martagalangarcia.es\/\",\"name\":\"Marta Gal\u00e1n Garc\u00cda\",\"description\":\"\",\"potentialAction\":[{\"@type\":\"SearchAction\",\"target\":{\"@type\":\"EntryPoint\",\"urlTemplate\":\"https:\/\/martagalangarcia.es\/?s={search_term_string}\"},\"query-input\":{\"@type\":\"PropertyValueSpecification\",\"valueRequired\":true,\"valueName\":\"search_term_string\"}}],\"inLanguage\":\"es\"}]}<\/script>\n<!-- \/ Yoast SEO plugin. -->","yoast_head_json":{"title":"HABILIDADES PROFESIONALES Y PERSONALES - Marta Gal\u00e1n Garc\u00cda","robots":{"index":"index","follow":"follow","max-snippet":"max-snippet:-1","max-image-preview":"max-image-preview:large","max-video-preview":"max-video-preview:-1"},"canonical":"https:\/\/martagalangarcia.es\/?page_id=13","og_locale":"es_ES","og_type":"article","og_title":"HABILIDADES PROFESIONALES Y PERSONALES - Marta Gal\u00e1n Garc\u00cda","og_description":"&#8211; Edici\u00f3n de v\u00eddeos&#8211; Creaci\u00f3n de contenido&#8211; Grabaciones y shootings&#8211; Cobertura de eventos&#8211; Creaci\u00f3n de copys&#8211; Apoyo en gesti\u00f3n digital","og_url":"https:\/\/martagalangarcia.es\/?page_id=13","og_site_name":"Marta Gal\u00e1n Garc\u00cda","article_modified_time":"2026-03-05T20:20:20+00:00","og_image":[{"width":950,"height":1226,"url":"https:\/\/martagalangarcia.es\/wp-content\/uploads\/2026\/03\/Captura-de-pantalla-2026-03-05-a-las-21.18.01.png","type":"image\/png"}],"twitter_card":"summary_large_image","schema":{"@context":"https:\/\/schema.org","@graph":[{"@type":"WebPage","@id":"https:\/\/martagalangarcia.es\/?page_id=13","url":"https:\/\/martagalangarcia.es\/?page_id=13","name":"HABILIDADES PROFESIONALES Y PERSONALES - Marta Gal\u00e1n Garc\u00cda","isPartOf":{"@id":"https:\/\/martagalangarcia.es\/#website"},"primaryImageOfPage":{"@id":"https:\/\/martagalangarcia.es\/?page_id=13#primaryimage"},"image":{"@id":"https:\/\/martagalangarcia.es\/?page_id=13#primaryimage"},"thumbnailUrl":"https:\/\/martagalangarcia.es\/wp-content\/uploads\/2026\/03\/Captura-de-pantalla-2026-03-05-a-las-21.18.01.png","datePublished":"2026-03-03T18:43:08+00:00","dateModified":"2026-03-05T20:20:20+00:00","breadcrumb":{"@id":"https:\/\/martagalangarcia.es\/?page_id=13#breadcrumb"},"inLanguage":"es","potentialAction":[{"@type":"ReadAction","target":["https:\/\/martagalangarcia.es\/?page_id=13"]}]},{"@type":"ImageObject","inLanguage":"es","@id":"https:\/\/martagalangarcia.es\/?page_id=13#primaryimage","url":"https:\/\/martagalangarcia.es\/wp-content\/uploads\/2026\/03\/Captura-de-pantalla-2026-03-05-a-las-21.18.01.png","contentUrl":"https:\/\/martagalangarcia.es\/wp-content\/uploads\/2026\/03\/Captura-de-pantalla-2026-03-05-a-las-21.18.01.png","width":950,"height":1226},{"@type":"BreadcrumbList","@id":"https:\/\/martagalangarcia.es\/?page_id=13#breadcrumb","itemListElement":[{"@type":"ListItem","position":1,"name":"Portada","item":"https:\/\/martagalangarcia.es\/"},{"@type":"ListItem","position":2,"name":"HABILIDADES PROFESIONALES Y PERSONALES"}]},{"@type":"WebSite","@id":"https:\/\/martagalangarcia.es\/#website","url":"https:\/\/martagalangarcia.es\/","name":"Marta Gal\u00e1n Garc\u00cda","description":"","potentialAction":[{"@type":"SearchAction","target":{"@type":"EntryPoint","urlTemplate":"https:\/\/martagalangarcia.es\/?s={search_term_string}"},"query-input":{"@type":"PropertyValueSpecification","valueRequired":true,"valueName":"search_term_string"}}],"inLanguage":"es"}]}},"_links":{"self":[{"href":"https:\/\/martagalangarcia.es\/index.php?rest_route=\/wp\/v2\/pages\/13","targetHints":{"allow":["GET"]}}],"collection":[{"href":"https:\/\/martagalangarcia.es\/index.php?rest_route=\/wp\/v2\/pages"}],"about":[{"href":"https:\/\/martagalangarcia.es\/index.php?rest_route=\/wp\/v2\/types\/page"}],"author":[{"embeddable":true,"href":"https:\/\/martagalangarcia.es\/index.php?rest_route=\/wp\/v2\/users\/1"}],"replies":[{"embeddable":true,"href":"https:\/\/martagalangarcia.es\/index.php?rest_route=%2Fwp%2Fv2%2Fcomments&post=13"}],"version-history":[{"count":10,"href":"https:\/\/martagalangarcia.es\/index.php?rest_route=\/wp\/v2\/pages\/13\/revisions"}],"predecessor-version":[{"id":189,"href":"https:\/\/martagalangarcia.es\/index.php?rest_route=\/wp\/v2\/pages\/13\/revisions\/189"}],"wp:attachment":[{"href":"https:\/\/martagalangarcia.es\/index.php?rest_route=%2Fwp%2Fv2%2Fmedia&parent=13"}],"curies":[{"name":"wp","href":"https:\/\/api.w.org\/{rel}","templated":true}]}}