{"id":279,"date":"2026-03-14T10:51:53","date_gmt":"2026-03-14T10:51:53","guid":{"rendered":"https:\/\/martagalangarcia.es\/?page_id=279"},"modified":"2026-03-14T11:45:54","modified_gmt":"2026-03-14T11:45:54","slug":"blog","status":"publish","type":"page","link":"https:\/\/martagalangarcia.es\/?page_id=279","title":{"rendered":"BLOG"},"content":{"rendered":"\t\t<div data-elementor-type=\"wp-page\" data-elementor-id=\"279\" class=\"elementor elementor-279\" data-elementor-post-type=\"page\">\n\t\t\t\t<div class=\"elementor-element elementor-element-24a6d2b e-flex e-con-boxed e-con e-parent\" data-id=\"24a6d2b\" data-element_type=\"container\" data-e-type=\"container\">\n\t\t\t\t\t<div class=\"e-con-inner\">\n\t\t\t\t<div class=\"elementor-element elementor-element-3c670ea elementor-grid-2 elementor-grid-tablet-2 elementor-grid-mobile-1 elementor-posts--thumbnail-top elementor-posts--show-avatar elementor-card-shadow-yes elementor-posts__hover-gradient elementor-widget elementor-widget-posts\" data-id=\"3c670ea\" data-element_type=\"widget\" data-e-type=\"widget\" data-settings=\"{&quot;cards_columns&quot;:&quot;2&quot;,&quot;cards_masonry&quot;:&quot;yes&quot;,&quot;cards_columns_tablet&quot;:&quot;2&quot;,&quot;cards_columns_mobile&quot;:&quot;1&quot;,&quot;cards_row_gap&quot;:{&quot;unit&quot;:&quot;px&quot;,&quot;size&quot;:35,&quot;sizes&quot;:[]},&quot;cards_row_gap_tablet&quot;:{&quot;unit&quot;:&quot;px&quot;,&quot;size&quot;:&quot;&quot;,&quot;sizes&quot;:[]},&quot;cards_row_gap_mobile&quot;:{&quot;unit&quot;:&quot;px&quot;,&quot;size&quot;:&quot;&quot;,&quot;sizes&quot;:[]}}\" data-widget_type=\"posts.cards\">\n\t\t\t\t<div class=\"elementor-widget-container\">\n\t\t\t\t\t\t\t<div class=\"elementor-posts-container elementor-posts elementor-posts--skin-cards elementor-grid\" role=\"list\">\n\t\t\t\t<article class=\"elementor-post elementor-grid-item post-311 post type-post status-publish format-standard hentry category-uncategorized\" role=\"listitem\">\n\t\t\t<div class=\"elementor-post__card\">\n\t\t\t\t<div class=\"elementor-post__text\">\n\t\t\t\t<h3 class=\"elementor-post__title\">\n\t\t\t<a href=\"https:\/\/martagalangarcia.es\/?p=311\" >\n\t\t\t\tSEO Y GEO SEVILLA 2026: \u00bfPOR QU\u00c9 IMPORTAN M\u00c1S QUE NUNCA?\t\t\t<\/a>\n\t\t<\/h3>\n\t\t\t\t<div class=\"elementor-post__excerpt\">\n\t\t\t<p>Si tienes un proyecto digital o est\u00e1s construyendo tu marca personal, hay dos conceptos que no puedes ignorar en 2026:\u00a0SEO y GEO. Y si adem\u00e1s<\/p>\n\t\t<\/div>\n\t\t\n\t\t<a class=\"elementor-post__read-more\" href=\"https:\/\/martagalangarcia.es\/?p=311\" aria-label=\"Read more about SEO Y GEO SEVILLA 2026: \u00bfPOR QU\u00c9 IMPORTAN M\u00c1S QUE NUNCA?\" tabindex=\"-1\" >\n\t\t\tRead More \u00bb\t\t<\/a>\n\n\t\t\t\t<\/div>\n\t\t\t\t<div class=\"elementor-post__meta-data\">\n\t\t\t\t\t<span class=\"elementor-post-date\">\n\t\t\tmarzo 17, 2026\t\t<\/span>\n\t\t\t\t<span class=\"elementor-post-avatar\">\n\t\t\tNo hay comentarios\t\t<\/span>\n\t\t\t\t<\/div>\n\t\t\t\t\t<\/div>\n\t\t<\/article>\n\t\t\t\t<article class=\"elementor-post elementor-grid-item post-281 post type-post status-publish format-standard hentry category-hablamos-de\" role=\"listitem\">\n\t\t\t<div class=\"elementor-post__card\">\n\t\t\t\t<div class=\"elementor-post__text\">\n\t\t\t\t<h3 class=\"elementor-post__title\">\n\t\t\t<a href=\"https:\/\/martagalangarcia.es\/?p=281\" >\n\t\t\t\tLA EDICI\u00d3N DE V\u00cdDEOS: DONDE OCURRE LA MAGIA\t\t\t<\/a>\n\t\t<\/h3>\n\t\t\t\t<div class=\"elementor-post__excerpt\">\n\t\t\t<p>Muchas veces pensamos que lo m\u00e1s importante de un v\u00eddeo es grabarlo, pero la realidad es que gran parte de la magia ocurre despu\u00e9s, en<\/p>\n\t\t<\/div>\n\t\t\n\t\t<a class=\"elementor-post__read-more\" href=\"https:\/\/martagalangarcia.es\/?p=281\" aria-label=\"Read more about LA EDICI\u00d3N DE V\u00cdDEOS: DONDE OCURRE LA MAGIA\" tabindex=\"-1\" >\n\t\t\tRead More \u00bb\t\t<\/a>\n\n\t\t\t\t<\/div>\n\t\t\t\t<div class=\"elementor-post__meta-data\">\n\t\t\t\t\t<span class=\"elementor-post-date\">\n\t\t\tmarzo 14, 2026\t\t<\/span>\n\t\t\t\t<span class=\"elementor-post-avatar\">\n\t\t\tNo hay comentarios\t\t<\/span>\n\t\t\t\t<\/div>\n\t\t\t\t\t<\/div>\n\t\t<\/article>\n\t\t\t\t<article class=\"elementor-post elementor-grid-item post-1 post type-post status-publish format-standard hentry category-hablamos-de\" role=\"listitem\">\n\t\t\t<div class=\"elementor-post__card\">\n\t\t\t\t<div class=\"elementor-post__text\">\n\t\t\t\t<h3 class=\"elementor-post__title\">\n\t\t\t<a href=\"https:\/\/martagalangarcia.es\/?p=1\" >\n\t\t\t\tGESTI\u00d3N DE REDES SOCIALES: MUCHO MAS QUE PUBLICAR\t\t\t<\/a>\n\t\t<\/h3>\n\t\t\t\t<div class=\"elementor-post__excerpt\">\n\t\t\t<p>Cuando se habla de gesti\u00f3n de redes sociales, muchas veces se piensa simplemente en subir fotos o publicar v\u00eddeos. Pero en realidad, detr\u00e1s de cada<\/p>\n\t\t<\/div>\n\t\t\n\t\t<a class=\"elementor-post__read-more\" href=\"https:\/\/martagalangarcia.es\/?p=1\" aria-label=\"Read more about GESTI\u00d3N DE REDES SOCIALES: MUCHO MAS QUE PUBLICAR\" tabindex=\"-1\" >\n\t\t\tRead More \u00bb\t\t<\/a>\n\n\t\t\t\t<\/div>\n\t\t\t\t<div class=\"elementor-post__meta-data\">\n\t\t\t\t\t<span class=\"elementor-post-date\">\n\t\t\tmarzo 3, 2026\t\t<\/span>\n\t\t\t\t<span class=\"elementor-post-avatar\">\n\t\t\t1 comentario\t\t<\/span>\n\t\t\t\t<\/div>\n\t\t\t\t\t<\/div>\n\t\t<\/article>\n\t\t\t\t<\/div>\n\t\t\n\t\t\t\t\t\t<\/div>\n\t\t\t\t<\/div>\n\t\t\t\t\t<\/div>\n\t\t\t\t<\/div>\n\t\t\t\t<\/div>\n\t\t","protected":false},"excerpt":{"rendered":"","protected":false},"author":1,"featured_media":0,"parent":0,"menu_order":0,"comment_status":"closed","ping_status":"closed","template":"","meta":{"footnotes":""},"class_list":["post-279","page","type-page","status-publish","hentry"],"yoast_head":"<!-- This site is optimized with the Yoast SEO plugin v27.1.1 - https:\/\/yoast.com\/product\/yoast-seo-wordpress\/ -->\n<title>BLOG - Marta Gal\u00e1n Garc\u00cda<\/title>\n<meta name=\"robots\" content=\"index, follow, max-snippet:-1, max-image-preview:large, max-video-preview:-1\" \/>\n<link rel=\"canonical\" href=\"https:\/\/martagalangarcia.es\/?page_id=279\" \/>\n<meta property=\"og:locale\" content=\"es_ES\" \/>\n<meta property=\"og:type\" content=\"article\" \/>\n<meta property=\"og:title\" content=\"BLOG - Marta Gal\u00e1n Garc\u00cda\" \/>\n<meta property=\"og:url\" content=\"https:\/\/martagalangarcia.es\/?page_id=279\" \/>\n<meta property=\"og:site_name\" content=\"Marta Gal\u00e1n Garc\u00cda\" \/>\n<meta property=\"article:modified_time\" content=\"2026-03-14T11:45:54+00:00\" \/>\n<meta name=\"twitter:card\" content=\"summary_large_image\" \/>\n<meta name=\"twitter:label1\" content=\"Tiempo de lectura\" \/>\n\t<meta name=\"twitter:data1\" content=\"2 minutos\" \/>\n<script type=\"application\/ld+json\" class=\"yoast-schema-graph\">{\"@context\":\"https:\/\/schema.org\",\"@graph\":[{\"@type\":\"WebPage\",\"@id\":\"https:\/\/martagalangarcia.es\/?page_id=279\",\"url\":\"https:\/\/martagalangarcia.es\/?page_id=279\",\"name\":\"BLOG - Marta Gal\u00e1n Garc\u00cda\",\"isPartOf\":{\"@id\":\"https:\/\/martagalangarcia.es\/#website\"},\"datePublished\":\"2026-03-14T10:51:53+00:00\",\"dateModified\":\"2026-03-14T11:45:54+00:00\",\"breadcrumb\":{\"@id\":\"https:\/\/martagalangarcia.es\/?page_id=279#breadcrumb\"},\"inLanguage\":\"es\",\"potentialAction\":[{\"@type\":\"ReadAction\",\"target\":[\"https:\/\/martagalangarcia.es\/?page_id=279\"]}]},{\"@type\":\"BreadcrumbList\",\"@id\":\"https:\/\/martagalangarcia.es\/?page_id=279#breadcrumb\",\"itemListElement\":[{\"@type\":\"ListItem\",\"position\":1,\"name\":\"Portada\",\"item\":\"https:\/\/martagalangarcia.es\/\"},{\"@type\":\"ListItem\",\"position\":2,\"name\":\"BLOG\"}]},{\"@type\":\"WebSite\",\"@id\":\"https:\/\/martagalangarcia.es\/#website\",\"url\":\"https:\/\/martagalangarcia.es\/\",\"name\":\"Marta Gal\u00e1n Garc\u00cda\",\"description\":\"\",\"potentialAction\":[{\"@type\":\"SearchAction\",\"target\":{\"@type\":\"EntryPoint\",\"urlTemplate\":\"https:\/\/martagalangarcia.es\/?s={search_term_string}\"},\"query-input\":{\"@type\":\"PropertyValueSpecification\",\"valueRequired\":true,\"valueName\":\"search_term_string\"}}],\"inLanguage\":\"es\"}]}<\/script>\n<!-- \/ Yoast SEO plugin. -->","yoast_head_json":{"title":"BLOG - Marta Gal\u00e1n Garc\u00cda","robots":{"index":"index","follow":"follow","max-snippet":"max-snippet:-1","max-image-preview":"max-image-preview:large","max-video-preview":"max-video-preview:-1"},"canonical":"https:\/\/martagalangarcia.es\/?page_id=279","og_locale":"es_ES","og_type":"article","og_title":"BLOG - Marta Gal\u00e1n Garc\u00cda","og_url":"https:\/\/martagalangarcia.es\/?page_id=279","og_site_name":"Marta Gal\u00e1n Garc\u00cda","article_modified_time":"2026-03-14T11:45:54+00:00","twitter_card":"summary_large_image","twitter_misc":{"Tiempo de lectura":"2 minutos"},"schema":{"@context":"https:\/\/schema.org","@graph":[{"@type":"WebPage","@id":"https:\/\/martagalangarcia.es\/?page_id=279","url":"https:\/\/martagalangarcia.es\/?page_id=279","name":"BLOG - Marta Gal\u00e1n Garc\u00cda","isPartOf":{"@id":"https:\/\/martagalangarcia.es\/#website"},"datePublished":"2026-03-14T10:51:53+00:00","dateModified":"2026-03-14T11:45:54+00:00","breadcrumb":{"@id":"https:\/\/martagalangarcia.es\/?page_id=279#breadcrumb"},"inLanguage":"es","potentialAction":[{"@type":"ReadAction","target":["https:\/\/martagalangarcia.es\/?page_id=279"]}]},{"@type":"BreadcrumbList","@id":"https:\/\/martagalangarcia.es\/?page_id=279#breadcrumb","itemListElement":[{"@type":"ListItem","position":1,"name":"Portada","item":"https:\/\/martagalangarcia.es\/"},{"@type":"ListItem","position":2,"name":"BLOG"}]},{"@type":"WebSite","@id":"https:\/\/martagalangarcia.es\/#website","url":"https:\/\/martagalangarcia.es\/","name":"Marta Gal\u00e1n Garc\u00cda","description":"","potentialAction":[{"@type":"SearchAction","target":{"@type":"EntryPoint","urlTemplate":"https:\/\/martagalangarcia.es\/?s={search_term_string}"},"query-input":{"@type":"PropertyValueSpecification","valueRequired":true,"valueName":"search_term_string"}}],"inLanguage":"es"}]}},"_links":{"self":[{"href":"https:\/\/martagalangarcia.es\/index.php?rest_route=\/wp\/v2\/pages\/279","targetHints":{"allow":["GET"]}}],"collection":[{"href":"https:\/\/martagalangarcia.es\/index.php?rest_route=\/wp\/v2\/pages"}],"about":[{"href":"https:\/\/martagalangarcia.es\/index.php?rest_route=\/wp\/v2\/types\/page"}],"author":[{"embeddable":true,"href":"https:\/\/martagalangarcia.es\/index.php?rest_route=\/wp\/v2\/users\/1"}],"replies":[{"embeddable":true,"href":"https:\/\/martagalangarcia.es\/index.php?rest_route=%2Fwp%2Fv2%2Fcomments&post=279"}],"version-history":[{"count":7,"href":"https:\/\/martagalangarcia.es\/index.php?rest_route=\/wp\/v2\/pages\/279\/revisions"}],"predecessor-version":[{"id":306,"href":"https:\/\/martagalangarcia.es\/index.php?rest_route=\/wp\/v2\/pages\/279\/revisions\/306"}],"wp:attachment":[{"href":"https:\/\/martagalangarcia.es\/index.php?rest_route=%2Fwp%2Fv2%2Fmedia&parent=279"}],"curies":[{"name":"wp","href":"https:\/\/api.w.org\/{rel}","templated":true}]}}