{"id":8,"date":"2026-03-03T18:41:54","date_gmt":"2026-03-03T18:41:54","guid":{"rendered":"https:\/\/martagalangarcia.es\/?page_id=8"},"modified":"2026-03-12T20:43:47","modified_gmt":"2026-03-12T20:43:47","slug":"quien-soy","status":"publish","type":"page","link":"https:\/\/martagalangarcia.es\/","title":{"rendered":""},"content":{"rendered":"\t\t<div data-elementor-type=\"wp-page\" data-elementor-id=\"8\" class=\"elementor elementor-8\" data-elementor-post-type=\"page\">\n\t\t\t\t<div class=\"elementor-element elementor-element-761a6b29 e-con-full e-flex e-con e-parent\" data-id=\"761a6b29\" data-element_type=\"container\" data-e-type=\"container\" data-settings=\"{&quot;background_background&quot;:&quot;classic&quot;,&quot;shape_divider_top&quot;:&quot;waves&quot;}\">\n\t\t\t\t<div class=\"elementor-shape elementor-shape-top\" aria-hidden=\"true\" data-negative=\"false\">\n\t\t\t<svg xmlns=\"http:\/\/www.w3.org\/2000\/svg\" viewBox=\"0 0 1000 100\" preserveAspectRatio=\"none\">\n\t<path class=\"elementor-shape-fill\" d=\"M421.9,6.5c22.6-2.5,51.5,0.4,75.5,5.3c23.6,4.9,70.9,23.5,100.5,35.7c75.8,32.2,133.7,44.5,192.6,49.7\n\tc23.6,2.1,48.7,3.5,103.4-2.5c54.7-6,106.2-25.6,106.2-25.6V0H0v30.3c0,0,72,32.6,158.4,30.5c39.2-0.7,92.8-6.7,134-22.4\n\tc21.2-8.1,52.2-18.2,79.7-24.2C399.3,7.9,411.6,7.5,421.9,6.5z\"\/>\n<\/svg>\t\t<\/div>\n\t\t\t\t<div class=\"elementor-element elementor-element-750cc44 elementor-widget-mobile__width-initial elementor-widget elementor-widget-heading\" data-id=\"750cc44\" data-element_type=\"widget\" data-e-type=\"widget\" data-widget_type=\"heading.default\">\n\t\t\t\t\t<h2 class=\"elementor-heading-title elementor-size-default\">Marta Gal\u00e1n Garc\u00eda<\/h2>\t\t\t\t<\/div>\n\t\t\t\t<div class=\"elementor-element elementor-element-a0195c0 elementor-widget elementor-widget-heading\" data-id=\"a0195c0\" data-element_type=\"widget\" data-e-type=\"widget\" data-widget_type=\"heading.default\">\n\t\t\t\t\t<p class=\"elementor-heading-title elementor-size-default\">Publicidad, marketing digital y social media<\/p>\t\t\t\t<\/div>\n\t\t\t\t<\/div>\n\t\t<div class=\"elementor-element elementor-element-345740ec e-con-full e-flex e-con e-parent\" data-id=\"345740ec\" data-element_type=\"container\" data-e-type=\"container\">\n\t\t\t\t<div class=\"elementor-element elementor-element-28b88e2 elementor-widget elementor-widget-heading\" data-id=\"28b88e2\" data-element_type=\"widget\" data-e-type=\"widget\" data-widget_type=\"heading.default\">\n\t\t\t\t\t<h2 class=\"elementor-heading-title elementor-size-default\">Contenido que conecta, ideas que se recuerdan.<\/h2>\t\t\t\t<\/div>\n\t\t\t\t<\/div>\n\t\t<div class=\"elementor-element elementor-element-474cc0d e-flex e-con-boxed e-con e-parent\" data-id=\"474cc0d\" data-element_type=\"container\" data-e-type=\"container\" data-settings=\"{&quot;background_background&quot;:&quot;classic&quot;,&quot;shape_divider_bottom&quot;:&quot;curve&quot;}\">\n\t\t\t\t\t<div class=\"e-con-inner\">\n\t\t\t\t<div class=\"elementor-shape elementor-shape-bottom\" aria-hidden=\"true\" data-negative=\"false\">\n\t\t\t<svg xmlns=\"http:\/\/www.w3.org\/2000\/svg\" viewBox=\"0 0 1000 100\" preserveAspectRatio=\"none\">\n    <path class=\"elementor-shape-fill\" d=\"M1000,4.3V0H0v4.3C0.9,23.1,126.7,99.2,500,100S1000,22.7,1000,4.3z\"\/>\n<\/svg>\t\t<\/div>\n\t\t<div class=\"elementor-element elementor-element-588eaf0 e-con-full e-flex e-con e-child\" data-id=\"588eaf0\" data-element_type=\"container\" data-e-type=\"container\" data-settings=\"{&quot;background_background&quot;:&quot;classic&quot;}\">\n\t\t\t\t<\/div>\n\t\t<div class=\"elementor-element elementor-element-61f19e8 e-con-full e-flex e-con e-child\" data-id=\"61f19e8\" data-element_type=\"container\" data-e-type=\"container\" data-settings=\"{&quot;background_background&quot;:&quot;classic&quot;}\">\n\t\t\t\t<div class=\"elementor-element elementor-element-a11e1c9 elementor-widget elementor-widget-heading\" data-id=\"a11e1c9\" data-element_type=\"widget\" data-e-type=\"widget\" data-widget_type=\"heading.default\">\n\t\t\t\t\t<h2 class=\"elementor-heading-title elementor-size-default\">\u00a1Hola!<\/h2>\t\t\t\t<\/div>\n\t\t\t\t<div class=\"elementor-element elementor-element-e9e67f0 elementor-widget__width-initial elementor-widget elementor-widget-text-editor\" data-id=\"e9e67f0\" data-element_type=\"widget\" data-e-type=\"widget\" data-widget_type=\"text-editor.default\">\n\t\t\t\t\t\t\t\t\t<p>Esta de aqu\u00ed soy yo. Me llamo Marta, tengo 22 a\u00f1os y soy de Sevilla.<\/p><p>He creado esta web a modo de portfolio creativo, para que puedas ver lo que me gusta y se me da bien hacer!<\/p><p>Soy especialista en Publicidad y Marketing Digital, apasionada de la comunicaci\u00f3n digital y la creaci\u00f3n de contenido para redes sociales. Me encanta transformar ideas en contenido visual que conecte con las personas y ayude a las marcas a contar su historia de forma creativa.<\/p>\t\t\t\t\t\t\t\t<\/div>\n\t\t\t\t<div class=\"elementor-element elementor-element-15b8b68 elementor-widget__width-initial elementor-widget elementor-widget-text-editor\" data-id=\"15b8b68\" data-element_type=\"widget\" data-e-type=\"widget\" data-widget_type=\"text-editor.default\">\n\t\t\t\t\t\t\t\t\t<p class=\"p1\">En este portfolio encontrar\u00e1s algunos de mis proyectos, ideas y trabajos relacionados con social media,<\/p><p class=\"p1\">contenido audiovisual y creatividad digital.<\/p><p>Si te va gustando lo que lees, te invito a seguir navegando por la web!<\/p>\t\t\t\t\t\t\t\t<\/div>\n\t\t\t\t<div class=\"elementor-element elementor-element-d9deb8c elementor-widget elementor-widget-heading\" data-id=\"d9deb8c\" data-element_type=\"widget\" data-e-type=\"widget\" data-widget_type=\"heading.default\">\n\t\t\t\t\t<h2 class=\"elementor-heading-title elementor-size-default\">\u00a1Encantada!<\/h2>\t\t\t\t<\/div>\n\t\t\t\t<\/div>\n\t\t\t\t\t<\/div>\n\t\t\t\t<\/div>\n\t\t<div class=\"elementor-element elementor-element-d3df9e4 e-flex e-con-boxed e-con e-parent\" data-id=\"d3df9e4\" data-element_type=\"container\" data-e-type=\"container\">\n\t\t\t\t\t<div class=\"e-con-inner\">\n\t\t<div class=\"elementor-element elementor-element-8685c8b e-con-full e-flex e-con e-child\" data-id=\"8685c8b\" data-element_type=\"container\" data-e-type=\"container\" data-settings=\"{&quot;background_background&quot;:&quot;classic&quot;}\">\n\t\t\t\t<div class=\"elementor-element elementor-element-db24b57 elementor-widget elementor-widget-heading\" data-id=\"db24b57\" data-element_type=\"widget\" data-e-type=\"widget\" data-widget_type=\"heading.default\">\n\t\t\t\t\t<h2 class=\"elementor-heading-title elementor-size-default\"><a href=\"https:\/\/martagalangarcia.es\/?page_id=13\">\u00bfQU\u00c9 HAGO?<\/a><\/h2>\t\t\t\t<\/div>\n\t\t\t\t<\/div>\n\t\t<div class=\"elementor-element elementor-element-aa76ad0 e-con-full e-flex e-con e-child\" data-id=\"aa76ad0\" data-element_type=\"container\" data-e-type=\"container\" data-settings=\"{&quot;background_background&quot;:&quot;classic&quot;}\">\n\t\t\t\t<div class=\"elementor-element elementor-element-7d18c13 elementor-widget elementor-widget-heading\" data-id=\"7d18c13\" data-element_type=\"widget\" data-e-type=\"widget\" data-widget_type=\"heading.default\">\n\t\t\t\t\t<h2 class=\"elementor-heading-title elementor-size-default\"><a href=\"https:\/\/martagalangarcia.es\/?page_id=15\">\u00bfQU\u00c9 HE HECHO ANTES?<\/a><\/h2>\t\t\t\t<\/div>\n\t\t\t\t<\/div>\n\t\t<div class=\"elementor-element elementor-element-d649923 e-con-full e-flex e-con e-child\" data-id=\"d649923\" data-element_type=\"container\" data-e-type=\"container\" data-settings=\"{&quot;background_background&quot;:&quot;classic&quot;}\">\n\t\t\t\t<div class=\"elementor-element elementor-element-82b4a6d elementor-widget elementor-widget-heading\" data-id=\"82b4a6d\" data-element_type=\"widget\" data-e-type=\"widget\" data-widget_type=\"heading.default\">\n\t\t\t\t\t<h2 class=\"elementor-heading-title elementor-size-default\"><a href=\"https:\/\/martagalangarcia.es\/?page_id=28\">\u00bfC\u00d3MO LO HAGO?<\/a><\/h2>\t\t\t\t<\/div>\n\t\t\t\t<\/div>\n\t\t\t\t\t<\/div>\n\t\t\t\t<\/div>\n\t\t<div class=\"elementor-element elementor-element-15a2355 e-grid e-con-full e-con e-parent\" data-id=\"15a2355\" data-element_type=\"container\" data-e-type=\"container\">\n\t\t\t\t<\/div>\n\t\t\t\t<\/div>\n\t\t","protected":false},"excerpt":{"rendered":"<p>Marta Gal\u00e1n Garc\u00eda Publicidad, marketing digital y social media Contenido que conecta, ideas que se recuerdan. \u00a1Hola! Esta de aqu\u00ed soy yo. Me llamo Marta, tengo 22 a\u00f1os y soy de Sevilla. He creado esta web a modo de portfolio creativo, para que puedas ver lo que me gusta y se me da bien hacer! [&hellip;]<\/p>\n","protected":false},"author":1,"featured_media":0,"parent":0,"menu_order":0,"comment_status":"closed","ping_status":"closed","template":"","meta":{"footnotes":""},"class_list":["post-8","page","type-page","status-publish","hentry"],"yoast_head":"<!-- This site is optimized with the Yoast SEO plugin v27.1.1 - https:\/\/yoast.com\/product\/yoast-seo-wordpress\/ -->\n<title>- Marta Gal\u00e1n Garc\u00cda<\/title>\n<meta name=\"robots\" content=\"index, follow, max-snippet:-1, max-image-preview:large, max-video-preview:-1\" \/>\n<link rel=\"canonical\" href=\"https:\/\/martagalangarcia.es\/\" \/>\n<meta property=\"og:locale\" content=\"es_ES\" \/>\n<meta property=\"og:type\" content=\"article\" \/>\n<meta property=\"og:title\" content=\"- Marta Gal\u00e1n Garc\u00cda\" \/>\n<meta property=\"og:description\" content=\"Marta Gal\u00e1n Garc\u00eda Publicidad, marketing digital y social media Contenido que conecta, ideas que se recuerdan. \u00a1Hola! Esta de aqu\u00ed soy yo. Me llamo Marta, tengo 22 a\u00f1os y soy de Sevilla. He creado esta web a modo de portfolio creativo, para que puedas ver lo que me gusta y se me da bien hacer! [&hellip;]\" \/>\n<meta property=\"og:url\" content=\"https:\/\/martagalangarcia.es\/\" \/>\n<meta property=\"og:site_name\" content=\"Marta Gal\u00e1n Garc\u00cda\" \/>\n<meta property=\"article:modified_time\" content=\"2026-03-12T20:43:47+00:00\" \/>\n<meta name=\"twitter:card\" content=\"summary_large_image\" \/>\n<meta name=\"twitter:label1\" content=\"Tiempo de lectura\" \/>\n\t<meta name=\"twitter:data1\" content=\"1 minuto\" \/>\n<script type=\"application\/ld+json\" class=\"yoast-schema-graph\">{\"@context\":\"https:\/\/schema.org\",\"@graph\":[{\"@type\":\"WebPage\",\"@id\":\"https:\/\/martagalangarcia.es\/\",\"url\":\"https:\/\/martagalangarcia.es\/\",\"name\":\"- Marta Gal\u00e1n Garc\u00cda\",\"isPartOf\":{\"@id\":\"https:\/\/martagalangarcia.es\/#website\"},\"datePublished\":\"2026-03-03T18:41:54+00:00\",\"dateModified\":\"2026-03-12T20:43:47+00:00\",\"inLanguage\":\"es\",\"potentialAction\":[{\"@type\":\"ReadAction\",\"target\":[\"https:\/\/martagalangarcia.es\/\"]}]},{\"@type\":\"WebSite\",\"@id\":\"https:\/\/martagalangarcia.es\/#website\",\"url\":\"https:\/\/martagalangarcia.es\/\",\"name\":\"Marta Gal\u00e1n Garc\u00cda\",\"description\":\"\",\"potentialAction\":[{\"@type\":\"SearchAction\",\"target\":{\"@type\":\"EntryPoint\",\"urlTemplate\":\"https:\/\/martagalangarcia.es\/?s={search_term_string}\"},\"query-input\":{\"@type\":\"PropertyValueSpecification\",\"valueRequired\":true,\"valueName\":\"search_term_string\"}}],\"inLanguage\":\"es\"}]}<\/script>\n<!-- \/ Yoast SEO plugin. -->","yoast_head_json":{"title":"- Marta Gal\u00e1n Garc\u00cda","robots":{"index":"index","follow":"follow","max-snippet":"max-snippet:-1","max-image-preview":"max-image-preview:large","max-video-preview":"max-video-preview:-1"},"canonical":"https:\/\/martagalangarcia.es\/","og_locale":"es_ES","og_type":"article","og_title":"- Marta Gal\u00e1n Garc\u00cda","og_description":"Marta Gal\u00e1n Garc\u00eda Publicidad, marketing digital y social media Contenido que conecta, ideas que se recuerdan. \u00a1Hola! Esta de aqu\u00ed soy yo. Me llamo Marta, tengo 22 a\u00f1os y soy de Sevilla. He creado esta web a modo de portfolio creativo, para que puedas ver lo que me gusta y se me da bien hacer! [&hellip;]","og_url":"https:\/\/martagalangarcia.es\/","og_site_name":"Marta Gal\u00e1n Garc\u00cda","article_modified_time":"2026-03-12T20:43:47+00:00","twitter_card":"summary_large_image","twitter_misc":{"Tiempo de lectura":"1 minuto"},"schema":{"@context":"https:\/\/schema.org","@graph":[{"@type":"WebPage","@id":"https:\/\/martagalangarcia.es\/","url":"https:\/\/martagalangarcia.es\/","name":"- Marta Gal\u00e1n Garc\u00cda","isPartOf":{"@id":"https:\/\/martagalangarcia.es\/#website"},"datePublished":"2026-03-03T18:41:54+00:00","dateModified":"2026-03-12T20:43:47+00:00","inLanguage":"es","potentialAction":[{"@type":"ReadAction","target":["https:\/\/martagalangarcia.es\/"]}]},{"@type":"WebSite","@id":"https:\/\/martagalangarcia.es\/#website","url":"https:\/\/martagalangarcia.es\/","name":"Marta Gal\u00e1n Garc\u00cda","description":"","potentialAction":[{"@type":"SearchAction","target":{"@type":"EntryPoint","urlTemplate":"https:\/\/martagalangarcia.es\/?s={search_term_string}"},"query-input":{"@type":"PropertyValueSpecification","valueRequired":true,"valueName":"search_term_string"}}],"inLanguage":"es"}]}},"_links":{"self":[{"href":"https:\/\/martagalangarcia.es\/index.php?rest_route=\/wp\/v2\/pages\/8","targetHints":{"allow":["GET"]}}],"collection":[{"href":"https:\/\/martagalangarcia.es\/index.php?rest_route=\/wp\/v2\/pages"}],"about":[{"href":"https:\/\/martagalangarcia.es\/index.php?rest_route=\/wp\/v2\/types\/page"}],"author":[{"embeddable":true,"href":"https:\/\/martagalangarcia.es\/index.php?rest_route=\/wp\/v2\/users\/1"}],"replies":[{"embeddable":true,"href":"https:\/\/martagalangarcia.es\/index.php?rest_route=%2Fwp%2Fv2%2Fcomments&post=8"}],"version-history":[{"count":82,"href":"https:\/\/martagalangarcia.es\/index.php?rest_route=\/wp\/v2\/pages\/8\/revisions"}],"predecessor-version":[{"id":275,"href":"https:\/\/martagalangarcia.es\/index.php?rest_route=\/wp\/v2\/pages\/8\/revisions\/275"}],"wp:attachment":[{"href":"https:\/\/martagalangarcia.es\/index.php?rest_route=%2Fwp%2Fv2%2Fmedia&parent=8"}],"curies":[{"name":"wp","href":"https:\/\/api.w.org\/{rel}","templated":true}]}}